{"id":475,"date":"2025-01-27T15:29:09","date_gmt":"2025-01-27T14:29:09","guid":{"rendered":"https:\/\/www.legaleuro.eu\/curriculum\/"},"modified":"2026-01-21T12:50:32","modified_gmt":"2026-01-21T11:50:32","slug":"curriculum","status":"publish","type":"page","link":"https:\/\/www.legaleuro.eu\/es\/curriculum\/","title":{"rendered":"Curriculum"},"content":{"rendered":"<p>El abogado Massimo Corio naci\u00f3 en Tur\u00edn en 1971 y <strong>es miembro<\/strong> del Colegio de Abogados de Tur\u00edn (Italia) y del Ilustre Colegio de la Abogac\u00eda de Madrid (Espa\u00f1a) <strong>desde hace veinte a\u00f1os<\/strong>, con la habilitaci\u00f3n para ejercer ante los tribunales superiores (abogado ante el Tribunal Supremo) en ambos pa\u00edses.<\/p>\n<p>Tras obtener <strong>las licenciaturas en Derecho en Italia y en Espa\u00f1a<\/strong>, el abogado Massimo Corio complet\u00f3 sus estudios universitarios asistiendo, entre otros, a un M\u00e1ster (LL.M.) en Derecho Comunitario Europeo y un Doctorado de Investigaci\u00f3n (DEA) en Estudios Europeos en Madrid y, en Italia, a un M\u00e1ster de 2\u00ba nivel en Derecho de Redes.<\/p>\n<p>El abogado Massimo Corio se ocupa de Derecho Industrial, Propiedad Intelectual y Competencia, Derecho de las Nuevas Tecnolog\u00edas, Derecho de la Uni\u00f3n Europea y Derecho del Comercio Internacional; Habla italiano, espa\u00f1ol e ingl\u00e9s.<\/p>\n<p>El abogado Massimo Corio es consultor de propiedad intelectual en varias <strong>c\u00e1maras de comercio<\/strong> y miembro del programa de iniciativas de apoyo Pro bono de la <strong>EUIPO<\/strong> (Oficina de Propiedad Intelectual de la Uni\u00f3n Europea), as\u00ed como experto en comercio internacional en el <strong>Ceip Piemonte<\/strong> (Centro Exterior de Internacionalizaci\u00f3n).<\/p>\n<p>El abogado Massimo Corio es miembro de <strong>ALAI<\/strong> (Asociaci\u00f3n Literaria y Art\u00edstica Internacional), <strong>LES<\/strong> (Licensing Executives Society Italia) y <strong>AIPPI<\/strong> (Asociaci\u00f3n Internacional para la Protecci\u00f3n de la Propiedad Intelectual).<\/p>\n","protected":false},"excerpt":{"rendered":"<p>El abogado Massimo Corio naci\u00f3 en Tur\u00edn en 1971 y es miembro del Colegio de Abogados de Tur\u00edn (Italia) y&#8230;<\/p>\n","protected":false},"author":1,"featured_media":232,"parent":0,"menu_order":0,"comment_status":"closed","ping_status":"closed","template":"page-curriculum.php","meta":{"footnotes":""},"class_list":["post-475","page","type-page","status-publish","has-post-thumbnail","hentry"],"_links":{"self":[{"href":"https:\/\/www.legaleuro.eu\/es\/wp-json\/wp\/v2\/pages\/475","targetHints":{"allow":["GET"]}}],"collection":[{"href":"https:\/\/www.legaleuro.eu\/es\/wp-json\/wp\/v2\/pages"}],"about":[{"href":"https:\/\/www.legaleuro.eu\/es\/wp-json\/wp\/v2\/types\/page"}],"author":[{"embeddable":true,"href":"https:\/\/www.legaleuro.eu\/es\/wp-json\/wp\/v2\/users\/1"}],"replies":[{"embeddable":true,"href":"https:\/\/www.legaleuro.eu\/es\/wp-json\/wp\/v2\/comments?post=475"}],"version-history":[{"count":2,"href":"https:\/\/www.legaleuro.eu\/es\/wp-json\/wp\/v2\/pages\/475\/revisions"}],"predecessor-version":[{"id":521,"href":"https:\/\/www.legaleuro.eu\/es\/wp-json\/wp\/v2\/pages\/475\/revisions\/521"}],"wp:featuredmedia":[{"embeddable":true,"href":"https:\/\/www.legaleuro.eu\/es\/wp-json\/wp\/v2\/media\/232"}],"wp:attachment":[{"href":"https:\/\/www.legaleuro.eu\/es\/wp-json\/wp\/v2\/media?parent=475"}],"curies":[{"name":"wp","href":"https:\/\/api.w.org\/{rel}","templated":true}]}}